{"id":4052,"date":"2016-12-12T11:26:21","date_gmt":"2016-12-12T11:26:21","guid":{"rendered":"http:\/\/michaelroessl.com\/?page_id=4052"},"modified":"2021-02-03T10:06:44","modified_gmt":"2021-02-03T10:06:44","slug":"impressum","status":"publish","type":"page","link":"https:\/\/www.michaelroessl.com\/de\/impressum\/","title":{"rendered":"Impressum"},"content":{"rendered":"[vc_row type=&#8220;in_container&#8220; full_screen_row_position=&#8220;middle&#8220; scene_position=&#8220;center&#8220; text_color=&#8220;dark&#8220; text_align=&#8220;left&#8220; top_padding=&#8220;100&#8243; bottom_padding=&#8220;100&#8243; overlay_strength=&#8220;0.3&#8243;][vc_column column_padding=&#8220;no-extra-padding&#8220; column_padding_position=&#8220;all&#8220; background_color_opacity=&#8220;1&#8243; background_hover_color_opacity=&#8220;1&#8243; width=&#8220;1\/6&#8243; tablet_text_alignment=&#8220;default&#8220; phone_text_alignment=&#8220;default&#8220;][\/vc_column][vc_column column_padding=&#8220;no-extra-padding&#8220; column_padding_position=&#8220;all&#8220; background_color_opacity=&#8220;1&#8243; background_hover_color_opacity=&#8220;1&#8243; width=&#8220;2\/3&#8243; tablet_text_alignment=&#8220;default&#8220; phone_text_alignment=&#8220;default&#8220;][vc_column_text]\n<h2>Michael R\u00f6\u00dfl<\/h2>\n<p>Stallhofen 11<br \/>\n8152 Stallhofen<br \/>\n\u00d6sterreich<\/p>\n<p>+43 (0) 664 43 17 883<br \/>\n<a href=\"mailto:office@michaelroessl.com\">office@michaelroessl.com<\/a><\/p>\n<p><strong>Design &amp; Umsetzung<\/strong><br \/>\nPatrick Feirer<br \/>\n<a href=\"mailto:patrick@feirer.me\">patrick@feirer.me<\/a><\/p>\n<div id=\"fws_601a66715a609\" class=\"wpb_row vc_row-fluid vc_row standard_section \" data-column-margin=\"default\" data-midnight=\"dark\" data-bg-mobile-hidden=\"\">\n<div class=\"col span_12 dark left\">\n<div class=\"vc_col-sm-12 wpb_column column_container vc_column_container col no-extra-padding instance-0\" data-t-w-inherits=\"default\" data-border-radius=\"none\" data-shadow=\"none\" data-border-animation=\"\" data-border-animation-delay=\"\" data-border-width=\"none\" data-border-style=\"solid\" data-border-color=\"\" data-bg-cover=\"\" data-padding-pos=\"all\" data-has-bg-color=\"false\" data-bg-color=\"\" data-bg-opacity=\"1\" data-hover-bg=\"\" data-hover-bg-opacity=\"1\" data-animation=\"\" data-delay=\"0\">\n<div class=\"vc_column-inner\">\n<div class=\"wpb_wrapper\">\n<div class=\"divider-wrap\" data-alignment=\"default\"><\/div>\n<div class=\"wpb_text_column wpb_content_element \">\n<div class=\"wpb_wrapper\">\n<p>UID-Nummer: ATU39692800<br \/>\nFirmenbuchnummer: FN 139572 d<br \/>\nLandesgericht: Graz<\/p>\n<\/div>\n<\/div>\n<\/div>\n<\/div>\n<\/div>\n<\/div>\n<\/div>\n<div id=\"fws_601a66715ae6a\" class=\"wpb_row vc_row-fluid vc_row standard_section \" data-column-margin=\"default\" data-midnight=\"dark\" data-bg-mobile-hidden=\"\">\n<div class=\"row-bg-wrap\" data-bg-animation=\"none\" data-bg-overlay=\"false\"><\/div>\n<div class=\"col span_12 dark left\">\n<div class=\"vc_col-sm-12 wpb_column column_container vc_column_container col no-extra-padding instance-1\" data-t-w-inherits=\"default\" data-border-radius=\"none\" data-shadow=\"none\" data-border-animation=\"\" data-border-animation-delay=\"\" data-border-width=\"none\" data-border-style=\"solid\" data-border-color=\"\" data-bg-cover=\"\" data-padding-pos=\"all\" data-has-bg-color=\"false\" data-bg-color=\"\" data-bg-opacity=\"1\" data-hover-bg=\"\" data-hover-bg-opacity=\"1\" data-animation=\"\" data-delay=\"0\">\n<div class=\"vc_column-inner\">\n<div class=\"column-bg-overlay-wrap\" data-bg-animation=\"none\"><\/div>\n<div class=\"wpb_wrapper\">\n<div class=\"wpb_text_column wpb_content_element \">\n<div class=\"wpb_wrapper\">\n<h4>Datenschutz<\/h4>\n<p>Unsere neue Datenschutzerkl\u00e4rung ist noch in Bearbeitung und wird in K\u00fcrze fertig gestellt.<\/p>\n<p>Diese Datenschutzerkl\u00e4rung vermittelt einen \u00dcberblick hinsichtlich der Verarbeitung (Zweck, Umfang, Art) von personenbezogenen Daten bei einem Besuch auf unserer Website vom Gasthof R\u00f6ssl Stallhofen. Der Schutz Ihrer pers\u00f6nlichen Daten ist uns ein besonderes Anliegen. Wir verarbeiten Ihre Daten daher ausschlie\u00dflich auf Grundlage der gesetzlichen Bestimmungen (DSGVO, TKG 2003). Um inhaltlich alle Anforderungen zu erf\u00fcllen, haben wir uns an der Datenschutz Vorlage der steirischen Wirtschaftskammer orientiert.<\/p>\n<p>Beim Besuch unserer Webseite wird Ihre IP-Adresse, Beginn und Ende der Sitzung f\u00fcr die Dauer dieser Sitzung erfasst. Dies ist technisch bedingt und stellt damit ein berechtigtes Interesse iSv Art 6 Abs 1 lit f DSGVO dar. Soweit im Folgenden nichts anderes geregelt wird, werden diese Daten von uns nicht weiterverarbeitet.<\/p>\n<\/div>\n<\/div>\n<\/div>\n<\/div>\n<\/div>\n<\/div>\n<\/div>\n<div id=\"fws_601a66715b272\" class=\"wpb_row vc_row-fluid vc_row standard_section \" data-column-margin=\"default\" data-midnight=\"dark\" data-bg-mobile-hidden=\"\">\n<div class=\"row-bg-wrap\" data-bg-animation=\"none\" data-bg-overlay=\"false\"><\/div>\n<div class=\"col span_12 dark left\">\n<div class=\"vc_col-sm-12 wpb_column column_container vc_column_container col no-extra-padding instance-2\" data-t-w-inherits=\"default\" data-border-radius=\"none\" data-shadow=\"none\" data-border-animation=\"\" data-border-animation-delay=\"\" data-border-width=\"none\" data-border-style=\"solid\" data-border-color=\"\" data-bg-cover=\"\" data-padding-pos=\"all\" data-has-bg-color=\"false\" data-bg-color=\"\" data-bg-opacity=\"1\" data-hover-bg=\"\" data-hover-bg-opacity=\"1\" data-animation=\"\" data-delay=\"0\">\n<div class=\"vc_column-inner\">\n<div class=\"column-bg-overlay-wrap\" data-bg-animation=\"none\"><\/div>\n<div class=\"wpb_wrapper\">\n<div class=\"wpb_text_column wpb_content_element \">\n<div class=\"wpb_wrapper\">\n<h4>Kontaktaufnahme<\/h4>\n<p>Wenn Sie per Formular auf der Website oder per eMail Kontakt mit uns aufnehmen, werden Ihre angegebenen Daten zwecks Bearbeitung der Anfrage und f\u00fcr den Fall von Anschlussfragen vorerst bei uns gespeichert. Diese Daten geben wir nicht ohne Ihre Einwilligung weiter.<\/p>\n<\/div>\n<\/div>\n<\/div>\n<\/div>\n<\/div>\n<\/div>\n<\/div>\n<div id=\"fws_601a66715b679\" class=\"wpb_row vc_row-fluid vc_row standard_section \" data-column-margin=\"default\" data-midnight=\"dark\" data-bg-mobile-hidden=\"\">\n<div class=\"row-bg-wrap\" data-bg-animation=\"none\" data-bg-overlay=\"false\"><\/div>\n<div class=\"col span_12 dark left\">\n<div class=\"vc_col-sm-12 wpb_column column_container vc_column_container col no-extra-padding instance-3\" data-t-w-inherits=\"default\" data-border-radius=\"none\" data-shadow=\"none\" data-border-animation=\"\" data-border-animation-delay=\"\" data-border-width=\"none\" data-border-style=\"solid\" data-border-color=\"\" data-bg-cover=\"\" data-padding-pos=\"all\" data-has-bg-color=\"false\" data-bg-color=\"\" data-bg-opacity=\"1\" data-hover-bg=\"\" data-hover-bg-opacity=\"1\" data-animation=\"\" data-delay=\"0\">\n<div class=\"vc_column-inner\">\n<div class=\"column-bg-overlay-wrap\" data-bg-animation=\"none\"><\/div>\n<div class=\"wpb_wrapper\">\n<div class=\"wpb_text_column wpb_content_element \">\n<div class=\"wpb_wrapper\">\n<h4>Cookies im Allgemeinen<\/h4>\n<p>Unsere Website verwendet so genannte Cookies. Dabei handelt es sich um kleine Textdateien, die mit Hilfe des Browsers auf Ihrem Endger\u00e4t abgelegt werden. Sie richten keinen Schaden an. Wir nutzen Cookies dazu unser Angebot nutzerfreundlich zu gestalten. Einige Cookies bleiben auf Ihrem Endger\u00e4t gespeichert, bis Sie diese l\u00f6schen. Sie erm\u00f6glichen es uns, Ihren Browser beim n\u00e4chsten Besuch wiederzuerkennen. Wenn Sie dies nicht w\u00fcnschen, so k\u00f6nnen Sie Ihren Browser so einrichten, dass er Sie \u00fcber das Setzen von Cookies informiert und Sie dies nur im Einzelfall erlauben. Bei der Deaktivierung von Cookies kann die Funktionalit\u00e4t unserer Website eingeschr\u00e4nkt sein.<\/p>\n<\/div>\n<\/div>\n<\/div>\n<\/div>\n<\/div>\n<\/div>\n<\/div>\n<div id=\"fws_601a66715ba6d\" class=\"wpb_row vc_row-fluid vc_row standard_section \" data-column-margin=\"default\" data-midnight=\"dark\" data-bg-mobile-hidden=\"\">\n<div class=\"row-bg-wrap\" data-bg-animation=\"none\" data-bg-overlay=\"false\"><\/div>\n<div class=\"col span_12 dark left\">\n<div class=\"vc_col-sm-12 wpb_column column_container vc_column_container col no-extra-padding instance-4\" data-t-w-inherits=\"default\" data-border-radius=\"none\" data-shadow=\"none\" data-border-animation=\"\" data-border-animation-delay=\"\" data-border-width=\"none\" data-border-style=\"solid\" data-border-color=\"\" data-bg-cover=\"\" data-padding-pos=\"all\" data-has-bg-color=\"false\" data-bg-color=\"\" data-bg-opacity=\"1\" data-hover-bg=\"\" data-hover-bg-opacity=\"1\" data-animation=\"\" data-delay=\"0\">\n<div class=\"vc_column-inner\">\n<div class=\"column-bg-overlay-wrap\" data-bg-animation=\"none\"><\/div>\n<div class=\"wpb_wrapper\">\n<div class=\"wpb_text_column wpb_content_element \">\n<div class=\"wpb_wrapper\">\n<h4>Web-Analyse<\/h4>\n<p>Unsere Website verwendet Funktionen des Webanalysedienstes Google Analytics des Anbieters Google Inc. mit Sitz in Kalifornien (USA). Dazu werden Cookies verwendet, die eine Analyse der Benutzung der Website durch Ihre Benutzer erm\u00f6glicht. Die dadurch erzeugten Informationen werden auf den Server des Anbieters \u00fcbertragen und dort gespeichert. Die Beziehung zum Webanalyseanbieter basiert auf Standardvertragsklauseln\/einem Angemessenheitsbeschluss der Europ\u00e4ischen Kommission. Sie k\u00f6nnen dies verhindern, indem Sie Ihren Browser so einrichten, dass keine Cookies gespeichert werden. Wir haben mit dem Anbieter einen entsprechenden Vertrag zur Auftragsdatenverarbeitung abgeschlossen. Ihre IP-Adresse wird erfasst, aber umgehend pseudonymisiert. Dadurch ist nur mehr eine grobe Lokalisierung m\u00f6glich.<\/p>\n<p>Die Datenverarbeitung erfolgt auf Basis der gesetzlichen Bestimmungen des \u00a7 96 Abs 3 TKG sowie des Art 6 Abs 1 lit a (Einwilligung) und\/oder f (berechtigtes Interesse) der DSGVO. Unser Anliegen im Sinne der DSGVO (berechtigtes Interesse) ist die Verbesserung unseres Angebotes und unseres Webauftritts. Da uns die Privatsph\u00e4re unserer Nutzer wichtig ist, werden die Nutzerdaten pseudonymisiert.<\/p>\n<\/div>\n<\/div>\n<\/div>\n<\/div>\n<\/div>\n<\/div>\n<\/div>\n<div id=\"fws_601a66715be76\" class=\"wpb_row vc_row-fluid vc_row standard_section \" data-column-margin=\"default\" data-midnight=\"dark\" data-bg-mobile-hidden=\"\">\n<div class=\"row-bg-wrap\" data-bg-animation=\"none\" data-bg-overlay=\"false\"><\/div>\n<div class=\"col span_12 dark left\">\n<div class=\"vc_col-sm-12 wpb_column column_container vc_column_container col no-extra-padding instance-5\" data-t-w-inherits=\"default\" data-border-radius=\"none\" data-shadow=\"none\" data-border-animation=\"\" data-border-animation-delay=\"\" data-border-width=\"none\" data-border-style=\"solid\" data-border-color=\"\" data-bg-cover=\"\" data-padding-pos=\"all\" data-has-bg-color=\"false\" data-bg-color=\"\" data-bg-opacity=\"1\" data-hover-bg=\"\" data-hover-bg-opacity=\"1\" data-animation=\"\" data-delay=\"0\">\n<div class=\"vc_column-inner\">\n<div class=\"column-bg-overlay-wrap\" data-bg-animation=\"none\"><\/div>\n<div class=\"wpb_wrapper\">\n<div class=\"wpb_text_column wpb_content_element \">\n<div class=\"wpb_wrapper\">\n<h4>Newsletter<\/h4>\n<p>Sie haben die M\u00f6glichkeit \u00fcber unsere Website unseren Newsletter zu abonnieren. Der Anbieter heisst WordPress mit Sitz in San Fansisco (USA). Hierf\u00fcr ben\u00f6tigen wir Ihre E-Mail-Adresse und ihre Erkl\u00e4rung, dass Sie mit dem Bezug des Newsletters einverstanden sind. Sobald Sie sich f\u00fcr den Newsletter angemeldet haben, senden wir Ihnen ein Best\u00e4tigungs-E-Mail mit einem Link zur Best\u00e4tigung der Anmeldung. Das Abo des Newsletters k\u00f6nnen Sie jederzeit stornieren. Senden Sie Ihre Stornierung bitte an folgende eMail Adresse: office@gasthof-roessl.at. Wir l\u00f6schen anschlie\u00dfend umgehend Ihre Daten im Zusammenhang mit dem Newsletter-Versand. Durch diesen Widerruf wird die Rechtm\u00e4\u00dfigkeit der aufgrund der Zustimmung bis zum Widerruf erfolgten Verarbeitung nicht ber\u00fchrt.<\/p>\n<\/div>\n<\/div>\n<\/div>\n<\/div>\n<\/div>\n<\/div>\n<\/div>\n<div id=\"fws_601a66715c280\" class=\"wpb_row vc_row-fluid vc_row standard_section \" data-column-margin=\"default\" data-midnight=\"dark\" data-bg-mobile-hidden=\"\">\n<div class=\"row-bg-wrap\" data-bg-animation=\"none\" data-bg-overlay=\"false\"><\/div>\n<div class=\"col span_12 dark left\">\n<div class=\"vc_col-sm-12 wpb_column column_container vc_column_container col no-extra-padding instance-6\" data-t-w-inherits=\"default\" data-border-radius=\"none\" data-shadow=\"none\" data-border-animation=\"\" data-border-animation-delay=\"\" data-border-width=\"none\" data-border-style=\"solid\" data-border-color=\"\" data-bg-cover=\"\" data-padding-pos=\"all\" data-has-bg-color=\"false\" data-bg-color=\"\" data-bg-opacity=\"1\" data-hover-bg=\"\" data-hover-bg-opacity=\"1\" data-animation=\"\" data-delay=\"0\">\n<div class=\"vc_column-inner\">\n<div class=\"column-bg-overlay-wrap\" data-bg-animation=\"none\"><\/div>\n<div class=\"wpb_wrapper\">\n<div class=\"wpb_text_column wpb_content_element \">\n<div class=\"wpb_wrapper\">\n<h4>Ihre Rechte<\/h4>\n<p>Ihnen stehen bez\u00fcglich Ihrer bei uns gespeicherten Daten grunds\u00e4tzlich die Rechte auf Auskunft, Berichtigung, L\u00f6schung, Einschr\u00e4nkung, Daten\u00fcbertragbarkeit, Widerruf und Widerspruch zu. Wenn Sie glauben, dass die Verarbeitung Ihrer Daten gegen das Datenschutzrecht verst\u00f6\u00dft oder Ihre datenschutzrechtlichen Anspr\u00fcche sonst in einer Weise verletzt worden sind, k\u00f6nnen Sie sich per eMail bei office@gasthof-roessl.at oder der Datenschutzbeh\u00f6rde beschweren.<\/p>\n<\/div>\n<\/div>\n<\/div>\n<\/div>\n<\/div>\n<\/div>\n<\/div>\n<div id=\"fws_601a66715c684\" class=\"wpb_row vc_row-fluid vc_row standard_section \" data-column-margin=\"default\" data-midnight=\"dark\" data-bg-mobile-hidden=\"\">\n<div class=\"row-bg-wrap\" data-bg-animation=\"none\" data-bg-overlay=\"false\"><\/div>\n<div class=\"col span_12 dark left\">\n<div class=\"vc_col-sm-12 wpb_column column_container vc_column_container col no-extra-padding instance-7\" data-t-w-inherits=\"default\" data-border-radius=\"none\" data-shadow=\"none\" data-border-animation=\"\" data-border-animation-delay=\"\" data-border-width=\"none\" data-border-style=\"solid\" data-border-color=\"\" data-bg-cover=\"\" data-padding-pos=\"all\" data-has-bg-color=\"false\" data-bg-color=\"\" data-bg-opacity=\"1\" data-hover-bg=\"\" data-hover-bg-opacity=\"1\" data-animation=\"\" data-delay=\"0\">\n<div class=\"vc_column-inner\">\n<div class=\"column-bg-overlay-wrap\" data-bg-animation=\"none\"><\/div>\n<div class=\"wpb_wrapper\">\n<div class=\"wpb_text_column wpb_content_element \">\n<div class=\"wpb_wrapper\">\n<p>Sie erreichen uns unter folgenden Kontaktdaten:<\/p>\n<p>R\u00f6ssl OG<br \/>\nStallhofen 11<br \/>\n8152 Stallhofen 11<br \/>\nTelefon: +43 3142 22945<br \/>\neMail: office@gasthof-roessl.at<br \/>\nWebsite: www.gasthof-roessl.at<\/p>\n<\/div>\n<\/div>\n<\/div>\n<\/div>\n<\/div>\n<\/div>\n<\/div>\n[\/vc_column_text][\/vc_column][vc_column column_padding=&#8220;no-extra-padding&#8220; column_padding_position=&#8220;all&#8220; background_color_opacity=&#8220;1&#8243; background_hover_color_opacity=&#8220;1&#8243; width=&#8220;1\/6&#8243; tablet_text_alignment=&#8220;default&#8220; phone_text_alignment=&#8220;default&#8220;][\/vc_column][\/vc_row]\n","protected":false},"excerpt":{"rendered":"<p>[vc_row type=&#8220;in_container&#8220; full_screen_row_position=&#8220;middle&#8220; scene_position=&#8220;center&#8220; text_color=&#8220;dark&#8220; text_align=&#8220;left&#8220; top_padding=&#8220;100&#8243; bottom_padding=&#8220;100&#8243; overlay_strength=&#8220;0.3&#8243;][vc_column column_padding=&#8220;no-extra-padding&#8220; column_padding_position=&#8220;all&#8220; background_color_opacity=&#8220;1&#8243; background_hover_color_opacity=&#8220;1&#8243; width=&#8220;1\/6&#8243; tablet_text_alignment=&#8220;default&#8220; phone_text_alignment=&#8220;default&#8220;][\/vc_column][vc_column column_padding=&#8220;no-extra-padding&#8220; column_padding_position=&#8220;all&#8220; background_color_opacity=&#8220;1&#8243; background_hover_color_opacity=&#8220;1&#8243; width=&#8220;2\/3&#8243; tablet_text_alignment=&#8220;default&#8220; phone_text_alignment=&#8220;default&#8220;][vc_column_text] Michael R\u00f6\u00dfl Stallhofen 11 8152 Stallhofen \u00d6sterreich&#8230;<\/p>\n","protected":false},"author":1,"featured_media":0,"parent":0,"menu_order":0,"comment_status":"closed","ping_status":"closed","template":"","meta":{"_mi_skip_tracking":false},"translation":{"provider":"WPGlobus","version":"2.8.11","language":"de","enabled_languages":["gb","de"],"languages":{"gb":{"title":true,"content":true,"excerpt":false},"de":{"title":false,"content":false,"excerpt":false}}},"yoast_head":"<!-- This site is optimized with the Yoast SEO plugin v18.3 - https:\/\/yoast.com\/wordpress\/plugins\/seo\/ -->\n<title>Impressum - Michael Roessl<\/title>\n<meta name=\"robots\" content=\"index, follow, max-snippet:-1, max-image-preview:large, max-video-preview:-1\" \/>\n<link rel=\"canonical\" href=\"https:\/\/www.michaelroessl.com\/impressum\/\" \/>\n<meta property=\"og:locale\" content=\"de_DE\" \/>\n<meta property=\"og:type\" content=\"article\" \/>\n<meta property=\"og:title\" content=\"Impressum - Michael Roessl\" \/>\n<meta property=\"og:url\" content=\"https:\/\/www.michaelroessl.com\/impressum\/\" \/>\n<meta property=\"og:site_name\" content=\"Michael Roessl\" \/>\n<meta property=\"article:publisher\" content=\"https:\/\/www.facebook.com\/michaelroesslchef\/\" \/>\n<meta property=\"article:modified_time\" content=\"2021-02-03T10:06:44+00:00\" \/>\n<meta name=\"twitter:card\" content=\"summary\" \/>\n<meta name=\"twitter:site\" content=\"@michaelroessl\" \/>\n<meta name=\"twitter:label1\" content=\"Gesch\u00e4tzte Lesezeit\" \/>\n\t<meta name=\"twitter:data1\" content=\"4\u00a0Minuten\" \/>\n<script type=\"application\/ld+json\" class=\"yoast-schema-graph\">{\"@context\":\"https:\/\/schema.org\",\"@graph\":[{\"@type\":\"WebSite\",\"@id\":\"https:\/\/www.michaelroessl.com\/#website\",\"url\":\"https:\/\/www.michaelroessl.com\/\",\"name\":\"Michael Roessl\",\"description\":\"personal website\",\"potentialAction\":[{\"@type\":\"SearchAction\",\"target\":{\"@type\":\"EntryPoint\",\"urlTemplate\":\"https:\/\/www.michaelroessl.com\/?s={search_term_string}\"},\"query-input\":\"required name=search_term_string\"}],\"inLanguage\":\"de\"},{\"@type\":\"WebPage\",\"@id\":\"https:\/\/www.michaelroessl.com\/impressum\/#webpage\",\"url\":\"https:\/\/www.michaelroessl.com\/impressum\/\",\"name\":\"Impressum - Michael Roessl\",\"isPartOf\":{\"@id\":\"https:\/\/www.michaelroessl.com\/#website\"},\"datePublished\":\"2016-12-12T11:26:21+00:00\",\"dateModified\":\"2021-02-03T10:06:44+00:00\",\"breadcrumb\":{\"@id\":\"https:\/\/www.michaelroessl.com\/impressum\/#breadcrumb\"},\"inLanguage\":\"de\",\"potentialAction\":[{\"@type\":\"ReadAction\",\"target\":[\"https:\/\/www.michaelroessl.com\/impressum\/\"]}]},{\"@type\":\"BreadcrumbList\",\"@id\":\"https:\/\/www.michaelroessl.com\/impressum\/#breadcrumb\",\"itemListElement\":[{\"@type\":\"ListItem\",\"position\":1,\"name\":\"Home\",\"item\":\"https:\/\/www.michaelroessl.com\/\"},{\"@type\":\"ListItem\",\"position\":2,\"name\":\"Impressum\"}]}]}<\/script>\n<!-- \/ Yoast SEO plugin. -->","yoast_head_json":{"title":"Impressum - Michael Roessl","robots":{"index":"index","follow":"follow","max-snippet":"max-snippet:-1","max-image-preview":"max-image-preview:large","max-video-preview":"max-video-preview:-1"},"canonical":"https:\/\/www.michaelroessl.com\/impressum\/","og_locale":"de_DE","og_type":"article","og_title":"Impressum - Michael Roessl","og_url":"https:\/\/www.michaelroessl.com\/impressum\/","og_site_name":"Michael Roessl","article_publisher":"https:\/\/www.facebook.com\/michaelroesslchef\/","article_modified_time":"2021-02-03T10:06:44+00:00","twitter_card":"summary","twitter_site":"@michaelroessl","twitter_misc":{"Gesch\u00e4tzte Lesezeit":"4\u00a0Minuten"},"schema":{"@context":"https:\/\/schema.org","@graph":[{"@type":"WebSite","@id":"https:\/\/www.michaelroessl.com\/#website","url":"https:\/\/www.michaelroessl.com\/","name":"Michael Roessl","description":"personal website","potentialAction":[{"@type":"SearchAction","target":{"@type":"EntryPoint","urlTemplate":"https:\/\/www.michaelroessl.com\/?s={search_term_string}"},"query-input":"required name=search_term_string"}],"inLanguage":"de"},{"@type":"WebPage","@id":"https:\/\/www.michaelroessl.com\/impressum\/#webpage","url":"https:\/\/www.michaelroessl.com\/impressum\/","name":"Impressum - Michael Roessl","isPartOf":{"@id":"https:\/\/www.michaelroessl.com\/#website"},"datePublished":"2016-12-12T11:26:21+00:00","dateModified":"2021-02-03T10:06:44+00:00","breadcrumb":{"@id":"https:\/\/www.michaelroessl.com\/impressum\/#breadcrumb"},"inLanguage":"de","potentialAction":[{"@type":"ReadAction","target":["https:\/\/www.michaelroessl.com\/impressum\/"]}]},{"@type":"BreadcrumbList","@id":"https:\/\/www.michaelroessl.com\/impressum\/#breadcrumb","itemListElement":[{"@type":"ListItem","position":1,"name":"Home","item":"https:\/\/www.michaelroessl.com\/"},{"@type":"ListItem","position":2,"name":"Impressum"}]}]}},"_links":{"self":[{"href":"https:\/\/www.michaelroessl.com\/de\/wp-json\/wp\/v2\/pages\/4052"}],"collection":[{"href":"https:\/\/www.michaelroessl.com\/de\/wp-json\/wp\/v2\/pages"}],"about":[{"href":"https:\/\/www.michaelroessl.com\/de\/wp-json\/wp\/v2\/types\/page"}],"author":[{"embeddable":true,"href":"https:\/\/www.michaelroessl.com\/de\/wp-json\/wp\/v2\/users\/1"}],"replies":[{"embeddable":true,"href":"https:\/\/www.michaelroessl.com\/de\/wp-json\/wp\/v2\/comments?post=4052"}],"version-history":[{"count":7,"href":"https:\/\/www.michaelroessl.com\/de\/wp-json\/wp\/v2\/pages\/4052\/revisions"}],"predecessor-version":[{"id":4487,"href":"https:\/\/www.michaelroessl.com\/de\/wp-json\/wp\/v2\/pages\/4052\/revisions\/4487"}],"wp:attachment":[{"href":"https:\/\/www.michaelroessl.com\/de\/wp-json\/wp\/v2\/media?parent=4052"}],"curies":[{"name":"wp","href":"https:\/\/api.w.org\/{rel}","templated":true}]}}